{"id":8,"date":"2014-03-29T13:56:09","date_gmt":"2014-03-29T13:56:09","guid":{"rendered":"http:\/\/ferienwohnungwertach.de\/?page_id=8"},"modified":"2026-02-18T19:38:15","modified_gmt":"2026-02-18T19:38:15","slug":"ferienwohnung-ambiente","status":"publish","type":"page","link":"https:\/\/ferienwohnungwertach.de\/?page_id=8","title":{"rendered":"FERIENWOHNUNG *AMBIENTE*"},"content":{"rendered":"<div id=\"attachment_244\" style=\"width: 310px\" class=\"wp-caption alignnone\"><a href=\"https:\/\/ferienwohnungwertach.de\/wp-content\/uploads\/2014\/03\/DSC09490.jpg\"><img loading=\"lazy\" decoding=\"async\" aria-describedby=\"caption-attachment-244\" class=\"size-medium wp-image-244\" src=\"https:\/\/ferienwohnungwertach.de\/wp-content\/uploads\/2014\/03\/DSC09490-300x225.jpg\" alt=\"unser Haus im Sommer\" width=\"300\" height=\"225\" srcset=\"https:\/\/ferienwohnungwertach.de\/wp-content\/uploads\/2014\/03\/DSC09490-300x225.jpg 300w, https:\/\/ferienwohnungwertach.de\/wp-content\/uploads\/2014\/03\/DSC09490-1024x768.jpg 1024w, https:\/\/ferienwohnungwertach.de\/wp-content\/uploads\/2014\/03\/DSC09490.jpg 1632w\" sizes=\"auto, (max-width: 300px) 100vw, 300px\" \/><\/a><p id=\"caption-attachment-244\" class=\"wp-caption-text\">unser Haus im Sommer<\/p><\/div>\n<p>Unsere\u00a0 FERIENWOHNUNG *AMBIENTE* ist komfortabel und liebevoll eingerichtet. Sie k\u00f6nnen verschiedene Terrassen-\/Gartenpl\u00e4tze rund ums Haus nutzen, um die herrliche Aussicht und die gute Luft zu genie\u00dfen.<\/p>\n<div id=\"attachment_296\" style=\"width: 310px\" class=\"wp-caption alignnone\"><a href=\"https:\/\/ferienwohnungwertach.de\/wp-content\/uploads\/2014\/03\/DSC00077.jpg\"><img loading=\"lazy\" decoding=\"async\" aria-describedby=\"caption-attachment-296\" class=\"size-medium wp-image-296\" src=\"https:\/\/ferienwohnungwertach.de\/wp-content\/uploads\/2014\/03\/DSC00077-300x225.jpg\" alt=\"Eingangsbereich und Terrasse\" width=\"300\" height=\"225\" srcset=\"https:\/\/ferienwohnungwertach.de\/wp-content\/uploads\/2014\/03\/DSC00077-300x225.jpg 300w, https:\/\/ferienwohnungwertach.de\/wp-content\/uploads\/2014\/03\/DSC00077-1024x768.jpg 1024w, https:\/\/ferienwohnungwertach.de\/wp-content\/uploads\/2014\/03\/DSC00077.jpg 2048w\" sizes=\"auto, (max-width: 300px) 100vw, 300px\" \/><\/a><p id=\"caption-attachment-296\" class=\"wp-caption-text\">Eingangsbereich und Terrasse<\/p><\/div>\n<div id=\"attachment_325\" style=\"width: 310px\" class=\"wp-caption alignnone\"><a href=\"https:\/\/ferienwohnungwertach.de\/wp-content\/uploads\/2016\/01\/DSC01682.jpg\"><img loading=\"lazy\" decoding=\"async\" aria-describedby=\"caption-attachment-325\" class=\"wp-image-325 size-medium\" src=\"https:\/\/ferienwohnungwertach.de\/wp-content\/uploads\/2016\/01\/DSC01682-300x199.jpg\" alt=\"\" width=\"300\" height=\"199\" srcset=\"https:\/\/ferienwohnungwertach.de\/wp-content\/uploads\/2016\/01\/DSC01682-300x199.jpg 300w, https:\/\/ferienwohnungwertach.de\/wp-content\/uploads\/2016\/01\/DSC01682-1024x681.jpg 1024w\" sizes=\"auto, (max-width: 300px) 100vw, 300px\" \/><\/a><p id=\"caption-attachment-325\" class=\"wp-caption-text\">Blick in die Berge<\/p><\/div>\n<p><a href=\"https:\/\/ferienwohnungwertach.de\/wp-content\/uploads\/2014\/03\/P1000023.jpg\"><img loading=\"lazy\" decoding=\"async\" class=\"alignnone size-medium wp-image-842\" src=\"https:\/\/ferienwohnungwertach.de\/wp-content\/uploads\/2014\/03\/P1000023-300x224.jpg\" alt=\"P1000023\" width=\"300\" height=\"224\" srcset=\"https:\/\/ferienwohnungwertach.de\/wp-content\/uploads\/2014\/03\/P1000023-300x224.jpg 300w, https:\/\/ferienwohnungwertach.de\/wp-content\/uploads\/2014\/03\/P1000023-1024x767.jpg 1024w\" sizes=\"auto, (max-width: 300px) 100vw, 300px\" \/><\/a><\/p>\n<p><a href=\"https:\/\/ferienwohnungwertach.de\/wp-content\/uploads\/2016\/01\/P1000016.jpg\"><img loading=\"lazy\" decoding=\"async\" class=\"alignnone size-medium wp-image-686\" src=\"https:\/\/ferienwohnungwertach.de\/wp-content\/uploads\/2016\/01\/P1000016-300x225.jpg\" alt=\"kuschlige Sitzecke am Gartenhaus\" width=\"300\" height=\"225\" srcset=\"https:\/\/ferienwohnungwertach.de\/wp-content\/uploads\/2016\/01\/P1000016-300x225.jpg 300w, https:\/\/ferienwohnungwertach.de\/wp-content\/uploads\/2016\/01\/P1000016-1024x768.jpg 1024w\" sizes=\"auto, (max-width: 300px) 100vw, 300px\" \/><\/a><\/p>\n<p>weitere Terrassen- und Gartenpl\u00e4tze<\/p>\n<p>Der Wohn- und Essbereich (mit moderner Einbauk\u00fcche) ist durch eine Treppe mit Schlafzimmer und Bad verbunden. Eine sehr gem\u00fctliche Atmosph\u00e4re empf\u00e4ngt Sie, in der man sich sofort wohlf\u00fchlt.<\/p>\n<div id=\"attachment_243\" style=\"width: 235px\" class=\"wp-caption alignnone\"><a href=\"https:\/\/ferienwohnungwertach.de\/wp-content\/uploads\/2014\/03\/DSC09331.jpg\"><img loading=\"lazy\" decoding=\"async\" aria-describedby=\"caption-attachment-243\" class=\"size-medium wp-image-243\" src=\"https:\/\/ferienwohnungwertach.de\/wp-content\/uploads\/2014\/03\/DSC09331-225x300.jpg\" alt=\"Wohn-\/Esszimmer mit Fussbodenheizung\" width=\"225\" height=\"300\" srcset=\"https:\/\/ferienwohnungwertach.de\/wp-content\/uploads\/2014\/03\/DSC09331-225x300.jpg 225w, https:\/\/ferienwohnungwertach.de\/wp-content\/uploads\/2014\/03\/DSC09331-768x1024.jpg 768w, https:\/\/ferienwohnungwertach.de\/wp-content\/uploads\/2014\/03\/DSC09331.jpg 1224w\" sizes=\"auto, (max-width: 225px) 100vw, 225px\" \/><\/a><p id=\"caption-attachment-243\" class=\"wp-caption-text\">Wohn-\/Esszimmer mit Fussbodenheizung<\/p><\/div>\n<div id=\"attachment_388\" style=\"width: 310px\" class=\"wp-caption alignnone\"><a href=\"https:\/\/ferienwohnungwertach.de\/wp-content\/uploads\/2014\/04\/20160428_163144.jpg\"><img loading=\"lazy\" decoding=\"async\" aria-describedby=\"caption-attachment-388\" class=\"size-medium wp-image-388\" src=\"https:\/\/ferienwohnungwertach.de\/wp-content\/uploads\/2014\/04\/20160428_163144-300x178.jpg\" alt=\"Wohn-\/Esszimmer mit Naturholzparkett\" width=\"300\" height=\"178\" srcset=\"https:\/\/ferienwohnungwertach.de\/wp-content\/uploads\/2014\/04\/20160428_163144-300x178.jpg 300w, https:\/\/ferienwohnungwertach.de\/wp-content\/uploads\/2014\/04\/20160428_163144-1024x608.jpg 1024w, https:\/\/ferienwohnungwertach.de\/wp-content\/uploads\/2014\/04\/20160428_163144.jpg 1920w\" sizes=\"auto, (max-width: 300px) 100vw, 300px\" \/><\/a><p id=\"caption-attachment-388\" class=\"wp-caption-text\">Wohn-\/Esszimmer mit Naturholzparkett<\/p><\/div>\n<div id=\"attachment_322\" style=\"width: 310px\" class=\"wp-caption alignnone\"><a href=\"https:\/\/ferienwohnungwertach.de\/wp-content\/uploads\/2014\/03\/DSC01923.jpg\"><img loading=\"lazy\" decoding=\"async\" aria-describedby=\"caption-attachment-322\" class=\"size-medium wp-image-322\" src=\"https:\/\/ferienwohnungwertach.de\/wp-content\/uploads\/2014\/03\/DSC01923-300x199.jpg\" alt=\"Schlafzimmer mit wundersch\u00f6nem Sichtdachstuhl\" width=\"300\" height=\"199\" srcset=\"https:\/\/ferienwohnungwertach.de\/wp-content\/uploads\/2014\/03\/DSC01923-300x199.jpg 300w, https:\/\/ferienwohnungwertach.de\/wp-content\/uploads\/2014\/03\/DSC01923-1024x681.jpg 1024w\" sizes=\"auto, (max-width: 300px) 100vw, 300px\" \/><\/a><p id=\"caption-attachment-322\" class=\"wp-caption-text\">Schlafzimmer mit wundersch\u00f6nem Sichtdachstuhl<\/p><\/div>\n<div id=\"attachment_247\" style=\"width: 235px\" class=\"wp-caption alignnone\"><a href=\"https:\/\/ferienwohnungwertach.de\/wp-content\/uploads\/2014\/03\/DSC09800.jpg\"><img loading=\"lazy\" decoding=\"async\" aria-describedby=\"caption-attachment-247\" class=\"size-medium wp-image-247\" src=\"https:\/\/ferienwohnungwertach.de\/wp-content\/uploads\/2014\/03\/DSC09800-225x300.jpg\" alt=\"modernes Bad mit Fussbodenheizung\" width=\"225\" height=\"300\" srcset=\"https:\/\/ferienwohnungwertach.de\/wp-content\/uploads\/2014\/03\/DSC09800-225x300.jpg 225w, https:\/\/ferienwohnungwertach.de\/wp-content\/uploads\/2014\/03\/DSC09800-768x1024.jpg 768w, https:\/\/ferienwohnungwertach.de\/wp-content\/uploads\/2014\/03\/DSC09800.jpg 1536w\" sizes=\"auto, (max-width: 225px) 100vw, 225px\" \/><\/a><p id=\"caption-attachment-247\" class=\"wp-caption-text\">modernes Bad mit Fussbodenheizung und\u00a0 Handtuchw\u00e4rmer<\/p><\/div>\n<p>Die Ferienwohnung verf\u00fcgt \u00fcber Internet, 2 TV, allergikerfreundliche Ausstattung, Naturholzparkett, Fu\u00dfbodenheizung, Fliegenschutzgitter u.v.m.<\/p>\n<p>Optimal f\u00fcr 2 Personen (mit Kind), max. f\u00fcr 4 Personen (kurzfristige Aufenthalte).<\/p>\n<p>Im Winter gibt es viel Schnee und Sonne zum Wintersport, Schlitten fahren oder um herrliche Winterwanderungen zu unternehmen.<\/p>\n<div id=\"attachment_241\" style=\"width: 310px\" class=\"wp-caption alignnone\"><a href=\"https:\/\/ferienwohnungwertach.de\/wp-content\/uploads\/2014\/03\/DSC08109.jpg\"><img loading=\"lazy\" decoding=\"async\" aria-describedby=\"caption-attachment-241\" class=\"size-medium wp-image-241\" src=\"https:\/\/ferienwohnungwertach.de\/wp-content\/uploads\/2014\/03\/DSC08109-300x225.jpg\" alt=\"unser Domizil  im Winter\" width=\"300\" height=\"225\" srcset=\"https:\/\/ferienwohnungwertach.de\/wp-content\/uploads\/2014\/03\/DSC08109-300x225.jpg 300w, https:\/\/ferienwohnungwertach.de\/wp-content\/uploads\/2014\/03\/DSC08109-1024x768.jpg 1024w, https:\/\/ferienwohnungwertach.de\/wp-content\/uploads\/2014\/03\/DSC08109.jpg 1632w\" sizes=\"auto, (max-width: 300px) 100vw, 300px\" \/><\/a><p id=\"caption-attachment-241\" class=\"wp-caption-text\">unser Domizil im Winter<\/p><\/div>\n","protected":false},"excerpt":{"rendered":"<p>Unsere\u00a0 FERIENWOHNUNG *AMBIENTE* ist komfortabel und liebevoll eingerichtet. Sie k\u00f6nnen verschiedene Terrassen-\/Gartenpl\u00e4tze rund ums Haus nutzen, um die herrliche Aussicht und die gute Luft zu genie\u00dfen. weitere Terrassen- und Gartenpl\u00e4tze Der Wohn- und Essbereich (mit moderner Einbauk\u00fcche) ist durch eine&#8230;<\/p>\n","protected":false},"author":1,"featured_media":0,"parent":0,"menu_order":1,"comment_status":"closed","ping_status":"closed","template":"","meta":{"footnotes":""},"class_list":["post-8","page","type-page","status-publish","hentry"],"_links":{"self":[{"href":"https:\/\/ferienwohnungwertach.de\/index.php?rest_route=\/wp\/v2\/pages\/8","targetHints":{"allow":["GET"]}}],"collection":[{"href":"https:\/\/ferienwohnungwertach.de\/index.php?rest_route=\/wp\/v2\/pages"}],"about":[{"href":"https:\/\/ferienwohnungwertach.de\/index.php?rest_route=\/wp\/v2\/types\/page"}],"author":[{"embeddable":true,"href":"https:\/\/ferienwohnungwertach.de\/index.php?rest_route=\/wp\/v2\/users\/1"}],"replies":[{"embeddable":true,"href":"https:\/\/ferienwohnungwertach.de\/index.php?rest_route=%2Fwp%2Fv2%2Fcomments&post=8"}],"version-history":[{"count":49,"href":"https:\/\/ferienwohnungwertach.de\/index.php?rest_route=\/wp\/v2\/pages\/8\/revisions"}],"predecessor-version":[{"id":915,"href":"https:\/\/ferienwohnungwertach.de\/index.php?rest_route=\/wp\/v2\/pages\/8\/revisions\/915"}],"wp:attachment":[{"href":"https:\/\/ferienwohnungwertach.de\/index.php?rest_route=%2Fwp%2Fv2%2Fmedia&parent=8"}],"curies":[{"name":"wp","href":"https:\/\/api.w.org\/{rel}","templated":true}]}}