{"id":101,"date":"2016-01-27T23:24:43","date_gmt":"2016-01-27T23:24:43","guid":{"rendered":"http:\/\/ferienwohnungwertach.de\/?page_id=101"},"modified":"2026-02-18T19:40:15","modified_gmt":"2026-02-18T19:40:15","slug":"appartement-ambiente","status":"publish","type":"page","link":"https:\/\/ferienwohnungwertach.de\/?page_id=101","title":{"rendered":"APPARTEMENT\/ZIMMER *AMBIENTE*"},"content":{"rendered":"<div id=\"attachment_324\" style=\"width: 310px\" class=\"wp-caption alignnone\"><a href=\"https:\/\/ferienwohnungwertach.de\/wp-content\/uploads\/2016\/01\/DSC01948.jpg\"><img loading=\"lazy\" decoding=\"async\" aria-describedby=\"caption-attachment-324\" class=\"size-medium wp-image-324\" src=\"https:\/\/ferienwohnungwertach.de\/wp-content\/uploads\/2016\/01\/DSC01948-300x199.jpg\" alt=\"grosses Wohn-\/Schlafzimmer mit Fussbodenheizung\" width=\"300\" height=\"199\" srcset=\"https:\/\/ferienwohnungwertach.de\/wp-content\/uploads\/2016\/01\/DSC01948-300x199.jpg 300w, https:\/\/ferienwohnungwertach.de\/wp-content\/uploads\/2016\/01\/DSC01948-1024x681.jpg 1024w\" sizes=\"auto, (max-width: 300px) 100vw, 300px\" \/><\/a><p id=\"caption-attachment-324\" class=\"wp-caption-text\">grosses Wohn-\/Schlafzimmer mit Fussbodenheizung<\/p><\/div>\n<div id=\"attachment_267\" style=\"width: 310px\" class=\"wp-caption alignnone\"><a href=\"https:\/\/ferienwohnungwertach.de\/wp-content\/uploads\/2014\/03\/DSC09694.jpg\"><img loading=\"lazy\" decoding=\"async\" aria-describedby=\"caption-attachment-267\" class=\"size-medium wp-image-267\" src=\"https:\/\/ferienwohnungwertach.de\/wp-content\/uploads\/2014\/03\/DSC09694-300x225.jpg\" alt=\"Wohn-\/Schlafzimmer mit Bergblick\" width=\"300\" height=\"225\" srcset=\"https:\/\/ferienwohnungwertach.de\/wp-content\/uploads\/2014\/03\/DSC09694-300x225.jpg 300w, https:\/\/ferienwohnungwertach.de\/wp-content\/uploads\/2014\/03\/DSC09694-1024x768.jpg 1024w, https:\/\/ferienwohnungwertach.de\/wp-content\/uploads\/2014\/03\/DSC09694.jpg 2048w\" sizes=\"auto, (max-width: 300px) 100vw, 300px\" \/><\/a><p id=\"caption-attachment-267\" class=\"wp-caption-text\">Wohn-\/Schlafzimmer mit Bergblick nach S\u00fcden<\/p><\/div>\n<div id=\"attachment_325\" style=\"width: 310px\" class=\"wp-caption alignnone\"><a href=\"https:\/\/ferienwohnungwertach.de\/wp-content\/uploads\/2016\/01\/DSC01682.jpg\"><img loading=\"lazy\" decoding=\"async\" aria-describedby=\"caption-attachment-325\" class=\"size-medium wp-image-325\" src=\"https:\/\/ferienwohnungwertach.de\/wp-content\/uploads\/2016\/01\/DSC01682-300x199.jpg\" alt=\"Blick in die Berge\" width=\"300\" height=\"199\" srcset=\"https:\/\/ferienwohnungwertach.de\/wp-content\/uploads\/2016\/01\/DSC01682-300x199.jpg 300w, https:\/\/ferienwohnungwertach.de\/wp-content\/uploads\/2016\/01\/DSC01682-1024x681.jpg 1024w\" sizes=\"auto, (max-width: 300px) 100vw, 300px\" \/><\/a><p id=\"caption-attachment-325\" class=\"wp-caption-text\">Blick in die Berge<\/p><\/div>\n<p>Unser vor kurzem er\u00f6ffnetes Appartement\/Zimmer *AMBIENTE* (32m\u00b2) &#8211; komfortabel und gem\u00fctlich eingerichtet , hell und freundlich &#8211; erwartet Sie mit gro\u00dfem Wohn-\/Schlafzimmer, Diele mit Minik\u00fcche, Bad und eigenem Eingang im Halb-Souterrain. Es gibt verschiedene Terrassen und Gartenpl\u00e4tze rund um&#8217;s Haus, die Sie gern nutzen k\u00f6nnen.<\/p>\n<div id=\"attachment_256\" style=\"width: 310px\" class=\"wp-caption alignnone\"><a href=\"https:\/\/ferienwohnungwertach.de\/wp-content\/uploads\/2016\/01\/DSC01714.jpg\"><img loading=\"lazy\" decoding=\"async\" aria-describedby=\"caption-attachment-256\" class=\"size-medium wp-image-256\" src=\"https:\/\/ferienwohnungwertach.de\/wp-content\/uploads\/2016\/01\/DSC01714-300x164.jpg\" alt=\"separater Eingang\" width=\"300\" height=\"164\" srcset=\"https:\/\/ferienwohnungwertach.de\/wp-content\/uploads\/2016\/01\/DSC01714-300x164.jpg 300w, https:\/\/ferienwohnungwertach.de\/wp-content\/uploads\/2016\/01\/DSC01714-1024x562.jpg 1024w\" sizes=\"auto, (max-width: 300px) 100vw, 300px\" \/><\/a><p id=\"caption-attachment-256\" class=\"wp-caption-text\">Eingangsbereich<\/p><\/div>\n<p><a href=\"https:\/\/ferienwohnungwertach.de\/wp-content\/uploads\/2016\/01\/P1000016.jpg\"><img loading=\"lazy\" decoding=\"async\" class=\"alignnone wp-image-686 size-medium\" src=\"https:\/\/ferienwohnungwertach.de\/wp-content\/uploads\/2016\/01\/P1000016-300x225.jpg\" alt=\"\" width=\"300\" height=\"225\" srcset=\"https:\/\/ferienwohnungwertach.de\/wp-content\/uploads\/2016\/01\/P1000016-300x225.jpg 300w, https:\/\/ferienwohnungwertach.de\/wp-content\/uploads\/2016\/01\/P1000016-1024x768.jpg 1024w\" sizes=\"auto, (max-width: 300px) 100vw, 300px\" \/><\/a><\/p>\n<div id=\"attachment_257\" style=\"width: 310px\" class=\"wp-caption alignnone\"><a href=\"https:\/\/ferienwohnungwertach.de\/wp-content\/uploads\/2016\/01\/DSC01731.jpg\"><img loading=\"lazy\" decoding=\"async\" aria-describedby=\"caption-attachment-257\" class=\"size-medium wp-image-257\" src=\"https:\/\/ferienwohnungwertach.de\/wp-content\/uploads\/2016\/01\/DSC01731-300x199.jpg\" alt=\"Eingangsbereich und Terrasse\" width=\"300\" height=\"199\" srcset=\"https:\/\/ferienwohnungwertach.de\/wp-content\/uploads\/2016\/01\/DSC01731-300x199.jpg 300w, https:\/\/ferienwohnungwertach.de\/wp-content\/uploads\/2016\/01\/DSC01731-1024x681.jpg 1024w\" sizes=\"auto, (max-width: 300px) 100vw, 300px\" \/><\/a><p id=\"caption-attachment-257\" class=\"wp-caption-text\">Eingangsbereich und Terrasse<\/p><\/div>\n<p>Das gro\u00dfe Fenster nach S\u00fcden im Wohn-\/Schlafzimmer sorgt f\u00fcr ein helles und sonniges Ambiente mit Bergblick. Im Winter strahlt der kleine Kachelofen eine behagliche W\u00e4rme aus. Wohn-\/Schlafzimmer und Bad mit Fu\u00dfbodenheizung.<\/p>\n<div id=\"attachment_263\" style=\"width: 310px\" class=\"wp-caption alignnone\"><a href=\"https:\/\/ferienwohnungwertach.de\/wp-content\/uploads\/2016\/01\/DSC09784.jpg\"><img loading=\"lazy\" decoding=\"async\" aria-describedby=\"caption-attachment-263\" class=\"size-medium wp-image-263\" src=\"https:\/\/ferienwohnungwertach.de\/wp-content\/uploads\/2016\/01\/DSC09784-300x225.jpg\" alt=\"Sitzecke\" width=\"300\" height=\"225\" srcset=\"https:\/\/ferienwohnungwertach.de\/wp-content\/uploads\/2016\/01\/DSC09784-300x225.jpg 300w, https:\/\/ferienwohnungwertach.de\/wp-content\/uploads\/2016\/01\/DSC09784-1024x768.jpg 1024w, https:\/\/ferienwohnungwertach.de\/wp-content\/uploads\/2016\/01\/DSC09784.jpg 2048w\" sizes=\"auto, (max-width: 300px) 100vw, 300px\" \/><\/a><p id=\"caption-attachment-263\" class=\"wp-caption-text\">Sitzecke<\/p><\/div>\n<div id=\"attachment_258\" style=\"width: 310px\" class=\"wp-caption alignnone\"><a href=\"https:\/\/ferienwohnungwertach.de\/wp-content\/uploads\/2016\/01\/DSC01764.jpg\"><img loading=\"lazy\" decoding=\"async\" aria-describedby=\"caption-attachment-258\" class=\"size-medium wp-image-258\" src=\"https:\/\/ferienwohnungwertach.de\/wp-content\/uploads\/2016\/01\/DSC01764-300x199.jpg\" alt=\"gem\u00fctliche Sitzecke\" width=\"300\" height=\"199\" srcset=\"https:\/\/ferienwohnungwertach.de\/wp-content\/uploads\/2016\/01\/DSC01764-300x199.jpg 300w, https:\/\/ferienwohnungwertach.de\/wp-content\/uploads\/2016\/01\/DSC01764-1024x681.jpg 1024w\" sizes=\"auto, (max-width: 300px) 100vw, 300px\" \/><\/a><p id=\"caption-attachment-258\" class=\"wp-caption-text\">gem\u00fctliche Sitzecke<\/p><\/div>\n<p>Optimal f\u00fcr 2 Personen (der Schlafsessel kann f\u00fcr eine 3. Person zum G\u00e4stebett ausgezogen werden).<\/p>\n<div id=\"attachment_339\" style=\"width: 310px\" class=\"wp-caption alignnone\"><a href=\"https:\/\/ferienwohnungwertach.de\/wp-content\/uploads\/2016\/01\/DSC019774.jpg\"><img loading=\"lazy\" decoding=\"async\" aria-describedby=\"caption-attachment-339\" class=\"size-medium wp-image-339\" src=\"https:\/\/ferienwohnungwertach.de\/wp-content\/uploads\/2016\/01\/DSC019774-300x199.jpg\" alt=\"DSC01977\" width=\"300\" height=\"199\" srcset=\"https:\/\/ferienwohnungwertach.de\/wp-content\/uploads\/2016\/01\/DSC019774-300x199.jpg 300w, https:\/\/ferienwohnungwertach.de\/wp-content\/uploads\/2016\/01\/DSC019774-1024x681.jpg 1024w\" sizes=\"auto, (max-width: 300px) 100vw, 300px\" \/><\/a><p id=\"caption-attachment-339\" class=\"wp-caption-text\">Bad mit Fussbodenheizung und Handtuchw\u00e4rmer<\/p><\/div>\n","protected":false},"excerpt":{"rendered":"<p>Unser vor kurzem er\u00f6ffnetes Appartement\/Zimmer *AMBIENTE* (32m\u00b2) &#8211; komfortabel und gem\u00fctlich eingerichtet , hell und freundlich &#8211; erwartet Sie mit gro\u00dfem Wohn-\/Schlafzimmer, Diele mit Minik\u00fcche, Bad und eigenem Eingang im Halb-Souterrain. Es gibt verschiedene Terrassen und Gartenpl\u00e4tze rund um&#8217;s Haus,&#8230;<\/p>\n","protected":false},"author":1,"featured_media":0,"parent":0,"menu_order":2,"comment_status":"closed","ping_status":"closed","template":"","meta":{"footnotes":""},"class_list":["post-101","page","type-page","status-publish","hentry"],"_links":{"self":[{"href":"https:\/\/ferienwohnungwertach.de\/index.php?rest_route=\/wp\/v2\/pages\/101","targetHints":{"allow":["GET"]}}],"collection":[{"href":"https:\/\/ferienwohnungwertach.de\/index.php?rest_route=\/wp\/v2\/pages"}],"about":[{"href":"https:\/\/ferienwohnungwertach.de\/index.php?rest_route=\/wp\/v2\/types\/page"}],"author":[{"embeddable":true,"href":"https:\/\/ferienwohnungwertach.de\/index.php?rest_route=\/wp\/v2\/users\/1"}],"replies":[{"embeddable":true,"href":"https:\/\/ferienwohnungwertach.de\/index.php?rest_route=%2Fwp%2Fv2%2Fcomments&post=101"}],"version-history":[{"count":82,"href":"https:\/\/ferienwohnungwertach.de\/index.php?rest_route=\/wp\/v2\/pages\/101\/revisions"}],"predecessor-version":[{"id":917,"href":"https:\/\/ferienwohnungwertach.de\/index.php?rest_route=\/wp\/v2\/pages\/101\/revisions\/917"}],"wp:attachment":[{"href":"https:\/\/ferienwohnungwertach.de\/index.php?rest_route=%2Fwp%2Fv2%2Fmedia&parent=101"}],"curies":[{"name":"wp","href":"https:\/\/api.w.org\/{rel}","templated":true}]}}